{"id":141,"date":"2020-08-10T15:16:10","date_gmt":"2020-08-10T20:16:10","guid":{"rendered":"http:\/\/localhost\/jumbos\/?page_id=141"},"modified":"2020-08-25T13:04:08","modified_gmt":"2020-08-25T18:04:08","slug":"serv-especiales","status":"publish","type":"page","link":"https:\/\/jumbos.com.pe\/index.php\/serv-especiales\/","title":{"rendered":"SERV. ESPECIALIZADOS"},"content":{"rendered":"\t\t<div data-elementor-type=\"wp-page\" data-elementor-id=\"141\" class=\"elementor elementor-141\">\n\t\t\t\t\t\t<div class=\"elementor-inner\">\n\t\t\t\t<div class=\"elementor-section-wrap\">\n\t\t\t\t\t\t\t\t\t<section class=\"elementor-section elementor-top-section elementor-element elementor-element-dc88ffd elementor-section-boxed elementor-section-height-default elementor-section-height-default\" data-id=\"dc88ffd\" data-element_type=\"section\" data-settings=\"{&quot;background_background&quot;:&quot;classic&quot;}\">\n\t\t\t\t\t\t<div class=\"elementor-container elementor-column-gap-default\">\n\t\t\t\t\t\t\t<div class=\"elementor-row\">\n\t\t\t\t\t<div class=\"elementor-column elementor-col-100 elementor-top-column elementor-element elementor-element-3286d55\" data-id=\"3286d55\" data-element_type=\"column\">\n\t\t\t<div class=\"elementor-column-wrap elementor-element-populated\">\n\t\t\t\t\t\t\t<div class=\"elementor-widget-wrap\">\n\t\t\t\t\t\t<div class=\"elementor-element elementor-element-44d5fcf elementor-widget elementor-widget-heading\" data-id=\"44d5fcf\" data-element_type=\"widget\" data-widget_type=\"heading.default\">\n\t\t\t\t<div class=\"elementor-widget-container\">\n\t\t\t<h2 class=\"elementor-heading-title elementor-size-default\">SERVICIOS ESPECIALIZADOS<\/h2>\t\t<\/div>\n\t\t\t\t<\/div>\n\t\t\t\t\t\t<\/div>\n\t\t\t\t\t<\/div>\n\t\t<\/div>\n\t\t\t\t\t\t\t\t<\/div>\n\t\t\t\t\t<\/div>\n\t\t<\/section>\n\t\t\t\t<section class=\"elementor-section elementor-top-section elementor-element elementor-element-7969092 elementor-section-boxed elementor-section-height-default elementor-section-height-default\" data-id=\"7969092\" data-element_type=\"section\" data-settings=\"{&quot;background_background&quot;:&quot;classic&quot;}\">\n\t\t\t\t\t\t<div class=\"elementor-container elementor-column-gap-default\">\n\t\t\t\t\t\t\t<div class=\"elementor-row\">\n\t\t\t\t\t<div class=\"elementor-column elementor-col-50 elementor-top-column elementor-element elementor-element-2a35fac\" data-id=\"2a35fac\" data-element_type=\"column\">\n\t\t\t<div class=\"elementor-column-wrap elementor-element-populated\">\n\t\t\t\t\t\t\t<div class=\"elementor-widget-wrap\">\n\t\t\t\t\t\t<div class=\"elementor-element elementor-element-6591235 elementor-widget elementor-widget-image-carousel\" data-id=\"6591235\" data-element_type=\"widget\" data-settings=\"{&quot;slides_to_show&quot;:&quot;1&quot;,&quot;navigation&quot;:&quot;none&quot;,&quot;speed&quot;:300,&quot;autoplay_speed&quot;:1000,&quot;effect&quot;:&quot;fade&quot;,&quot;autoplay&quot;:&quot;yes&quot;,&quot;pause_on_hover&quot;:&quot;yes&quot;,&quot;pause_on_interaction&quot;:&quot;yes&quot;,&quot;infinite&quot;:&quot;yes&quot;}\" data-widget_type=\"image-carousel.default\">\n\t\t\t\t<div class=\"elementor-widget-container\">\n\t\t\t\t\t<div class=\"elementor-image-carousel-wrapper swiper-container\" dir=\"ltr\">\n\t\t\t<div class=\"elementor-image-carousel swiper-wrapper\">\n\t\t\t\t\t\t\t\t<div class=\"swiper-slide\"><figure class=\"swiper-slide-inner\"><img class=\"swiper-slide-image\" src=\"https:\/\/www.jumbos.com.pe\/wp-content\/uploads\/elementor\/thumbs\/d01-scaled-ou41v5mw0hka2b8qi72g7q6yec6cfjj5v5fa7eqpq0.jpg\" alt=\"d01\" \/><\/figure><\/div><div class=\"swiper-slide\"><figure class=\"swiper-slide-inner\"><img class=\"swiper-slide-image\" src=\"https:\/\/www.jumbos.com.pe\/wp-content\/uploads\/elementor\/thumbs\/d02-scaled-ou41vb9x5hrzzz0jl9i7morpynejpq5jvxc732icoo.jpg\" alt=\"d02\" \/><\/figure><\/div><div class=\"swiper-slide\"><figure class=\"swiper-slide-inner\"><img class=\"swiper-slide-image\" src=\"https:\/\/www.jumbos.com.pe\/wp-content\/uploads\/elementor\/thumbs\/d03-ou41vf19wtx5aev2zb4pwntkc6w0kikh8fy506crzs.jpg\" alt=\"d03\" \/><\/figure><\/div><div class=\"swiper-slide\"><figure class=\"swiper-slide-inner\"><img class=\"swiper-slide-image\" src=\"https:\/\/www.jumbos.com.pe\/wp-content\/uploads\/elementor\/thumbs\/d04-scaled-ou41vismo62akupmdcr86mvepqdhfazekyk2xa77aw.jpg\" alt=\"d04\" \/><\/figure><\/div><div class=\"swiper-slide\"><figure class=\"swiper-slide-inner\"><img class=\"swiper-slide-image\" src=\"https:\/\/www.jumbos.com.pe\/wp-content\/uploads\/elementor\/thumbs\/d05-ou41vmjzfi7fvak5redqglx939uya3ebxh60ue1mm0.jpeg\" alt=\"d05\" \/><\/figure><\/div><div class=\"swiper-slide\"><figure class=\"swiper-slide-inner\"><img class=\"swiper-slide-image\" src=\"https:\/\/www.jumbos.com.pe\/wp-content\/uploads\/elementor\/thumbs\/d06-scaled-ou41vqbc6ucl5qep5g08qkz3gtcf4vt99zryrhw1x4.jpg\" alt=\"d06\" \/><\/figure><\/div><div class=\"swiper-slide\"><figure class=\"swiper-slide-inner\"><img class=\"swiper-slide-image\" src=\"https:\/\/www.jumbos.com.pe\/wp-content\/uploads\/elementor\/thumbs\/d08-ou41vu2oy6hqg698jhmr0k0xuctvzo86midwolqh88.jpg\" alt=\"d08\" \/><\/figure><\/div><div class=\"swiper-slide\"><figure class=\"swiper-slide-inner\"><img class=\"swiper-slide-image\" src=\"https:\/\/www.jumbos.com.pe\/wp-content\/uploads\/elementor\/thumbs\/d09-ou41vu2oy6hqg698jhmr0k0xuctvzo86midwolqh88.jpg\" alt=\"d09\" \/><\/figure><\/div><div class=\"swiper-slide\"><figure class=\"swiper-slide-inner\"><img class=\"swiper-slide-image\" src=\"https:\/\/www.jumbos.com.pe\/wp-content\/uploads\/elementor\/thumbs\/d10-ou41vvydbukb3e6i8ig05jjv14kmf2fnarovn5novs.jpg\" alt=\"d10\" \/><\/figure><\/div><div class=\"swiper-slide\"><figure class=\"swiper-slide-inner\"><img class=\"swiper-slide-image\" src=\"https:\/\/www.jumbos.com.pe\/wp-content\/uploads\/elementor\/thumbs\/d11-ou41vxu1pimvqm3rxj99aj2s7wbcugn3z0zulpkwjc.jpg\" alt=\"d11\" \/><\/figure><\/div><div class=\"swiper-slide\"><figure class=\"swiper-slide-inner\"><img class=\"swiper-slide-image\" src=\"https:\/\/www.jumbos.com.pe\/wp-content\/uploads\/elementor\/thumbs\/d12-scaled-ou41w1legus111ybbkvrki4mlfstp921bjlsitfbug.jpg\" alt=\"d12\" \/><\/figure><\/div><div class=\"swiper-slide\"><figure class=\"swiper-slide-inner\"><img class=\"swiper-slide-image\" src=\"https:\/\/www.jumbos.com.pe\/wp-content\/uploads\/elementor\/thumbs\/d14-ou42o342cx5ze97xkp92yfdol9l1c6dr6c99xzui7s.jpg\" alt=\"d14\" \/><\/figure><\/div><div class=\"swiper-slide\"><figure class=\"swiper-slide-inner\"><img class=\"swiper-slide-image\" src=\"https:\/\/www.jumbos.com.pe\/wp-content\/uploads\/elementor\/thumbs\/d15-ou42o4zqql8k1h579q2c3ewls1brrkl7ulk8wjrpvc.jpg\" alt=\"d15\" \/><\/figure><\/div><div class=\"swiper-slide\"><figure class=\"swiper-slide-inner\"><img class=\"swiper-slide-image\" src=\"https:\/\/www.jumbos.com.pe\/wp-content\/uploads\/elementor\/thumbs\/d16-ou42o6vf49b4op2gyqvl8efiyt2i6ysoiuv7v3oxiw.jpg\" alt=\"d16\" \/><\/figure><\/div><div class=\"swiper-slide\"><figure class=\"swiper-slide-inner\"><img class=\"swiper-slide-image\" src=\"https:\/\/www.jumbos.com.pe\/wp-content\/uploads\/elementor\/thumbs\/d17-ou42o6vf49b4op2gyqvl8efiyt2i6ysoiuv7v3oxiw.jpg\" alt=\"d17\" \/><\/figure><\/div>\t\t\t<\/div>\n\t\t\t\t\t\t\t\t\t\t\t\t\t\t\t\t<\/div>\n\t\t\t\t<\/div>\n\t\t\t\t<\/div>\n\t\t\t\t\t\t<\/div>\n\t\t\t\t\t<\/div>\n\t\t<\/div>\n\t\t\t\t<div class=\"elementor-column elementor-col-50 elementor-top-column elementor-element elementor-element-1006a08\" data-id=\"1006a08\" data-element_type=\"column\">\n\t\t\t<div class=\"elementor-column-wrap elementor-element-populated\">\n\t\t\t\t\t\t\t<div class=\"elementor-widget-wrap\">\n\t\t\t\t\t\t<div class=\"elementor-element elementor-element-ec795df elementor-widget elementor-widget-heading\" data-id=\"ec795df\" data-element_type=\"widget\" data-widget_type=\"heading.default\">\n\t\t\t\t<div class=\"elementor-widget-container\">\n\t\t\t<h2 class=\"elementor-heading-title elementor-size-default\">Diagnostico de Fallas Jumbos Frontoneros \/ Empernadores<\/h2>\t\t<\/div>\n\t\t\t\t<\/div>\n\t\t\t\t<div class=\"elementor-element elementor-element-789be78 elementor-widget elementor-widget-text-editor\" data-id=\"789be78\" data-element_type=\"widget\" data-widget_type=\"text-editor.default\">\n\t\t\t\t<div class=\"elementor-widget-container\">\n\t\t\t\t\t\t\t\t<div class=\"elementor-text-editor elementor-clearfix\">\n\t\t\t\t<ul><li>Preparamos e instruimos al personal t\u00e9cnico en mantenimiento de equipos de perforaci\u00f3n\u00a0 (Lectura de planes hidraulicos ), en campo\u00a0<\/li><li>Regulaci\u00f3n de sistemas de perforaci\u00f3n en Campo<\/li><li>Diagnostico de fallas de equipos hidraulicos en campo<\/li><\/ul>\t\t\t\t\t<\/div>\n\t\t\t\t\t\t<\/div>\n\t\t\t\t<\/div>\n\t\t\t\t\t\t<\/div>\n\t\t\t\t\t<\/div>\n\t\t<\/div>\n\t\t\t\t\t\t\t\t<\/div>\n\t\t\t\t\t<\/div>\n\t\t<\/section>\n\t\t\t\t<section class=\"elementor-section elementor-top-section elementor-element elementor-element-4dd90ae elementor-section-boxed elementor-section-height-default elementor-section-height-default\" data-id=\"4dd90ae\" data-element_type=\"section\" data-settings=\"{&quot;background_background&quot;:&quot;classic&quot;}\">\n\t\t\t\t\t\t<div class=\"elementor-container elementor-column-gap-default\">\n\t\t\t\t\t\t\t<div class=\"elementor-row\">\n\t\t\t\t\t<div class=\"elementor-column elementor-col-50 elementor-top-column elementor-element elementor-element-499e4ce\" data-id=\"499e4ce\" data-element_type=\"column\">\n\t\t\t<div class=\"elementor-column-wrap elementor-element-populated\">\n\t\t\t\t\t\t\t<div class=\"elementor-widget-wrap\">\n\t\t\t\t\t\t<div class=\"elementor-element elementor-element-2f58ae5 elementor-widget elementor-widget-heading\" data-id=\"2f58ae5\" data-element_type=\"widget\" data-widget_type=\"heading.default\">\n\t\t\t\t<div class=\"elementor-widget-container\">\n\t\t\t<h2 class=\"elementor-heading-title elementor-size-default\">Reparaci\u00f3n de Martillos Hidraulicos en Campo<\/h2>\t\t<\/div>\n\t\t\t\t<\/div>\n\t\t\t\t<div class=\"elementor-element elementor-element-0dd232d elementor-widget elementor-widget-text-editor\" data-id=\"0dd232d\" data-element_type=\"widget\" data-widget_type=\"text-editor.default\">\n\t\t\t\t<div class=\"elementor-widget-container\">\n\t\t\t\t\t\t\t\t<div class=\"elementor-text-editor elementor-clearfix\">\n\t\t\t\t<ul><li>Reparaci\u00f3n de Martillos Hidraulicos COP1838, RR14 (Atlas Copco)<\/li><li>Reparaci\u00f3n de Martillos Hidraulicos HC50, HC95 (Montabert)<\/li><li>Reparaci\u00f3n de Martillos Hidraulicos HLX5, H200, RD314 (Tamrock)<\/li><\/ul>\t\t\t\t\t<\/div>\n\t\t\t\t\t\t<\/div>\n\t\t\t\t<\/div>\n\t\t\t\t\t\t<\/div>\n\t\t\t\t\t<\/div>\n\t\t<\/div>\n\t\t\t\t<div class=\"elementor-column elementor-col-50 elementor-top-column elementor-element elementor-element-757f71d\" data-id=\"757f71d\" data-element_type=\"column\">\n\t\t\t<div class=\"elementor-column-wrap elementor-element-populated\">\n\t\t\t\t\t\t\t<div class=\"elementor-widget-wrap\">\n\t\t\t\t\t\t<div class=\"elementor-element elementor-element-4ffc9ec elementor-widget elementor-widget-image-carousel\" data-id=\"4ffc9ec\" data-element_type=\"widget\" data-settings=\"{&quot;slides_to_show&quot;:&quot;1&quot;,&quot;navigation&quot;:&quot;none&quot;,&quot;speed&quot;:300,&quot;autoplay_speed&quot;:1000,&quot;effect&quot;:&quot;fade&quot;,&quot;autoplay&quot;:&quot;yes&quot;,&quot;pause_on_hover&quot;:&quot;yes&quot;,&quot;pause_on_interaction&quot;:&quot;yes&quot;,&quot;infinite&quot;:&quot;yes&quot;}\" data-widget_type=\"image-carousel.default\">\n\t\t\t\t<div class=\"elementor-widget-container\">\n\t\t\t\t\t<div class=\"elementor-image-carousel-wrapper swiper-container\" dir=\"ltr\">\n\t\t\t<div class=\"elementor-image-carousel swiper-wrapper\">\n\t\t\t\t\t\t\t\t<div class=\"swiper-slide\"><figure class=\"swiper-slide-inner\"><img class=\"swiper-slide-image\" src=\"https:\/\/www.jumbos.com.pe\/wp-content\/uploads\/elementor\/thumbs\/f01-scaled-ou43i0b3x24kzdr8umvjbvjxcu3odb65afvpx3hc54.jpg\" alt=\"f01\" \/><\/figure><\/div><div class=\"swiper-slide\"><figure class=\"swiper-slide-inner\"><img class=\"swiper-slide-image\" src=\"https:\/\/www.jumbos.com.pe\/wp-content\/uploads\/elementor\/thumbs\/f02-scaled-ou43i7ttfqevk9gbmq4jvtnm3x2m2vzzzh3lrb66rc.jpg\" alt=\"f02\" \/><\/figure><\/div><div class=\"swiper-slide\"><figure class=\"swiper-slide-inner\"><img class=\"swiper-slide-image\" src=\"https:\/\/www.jumbos.com.pe\/wp-content\/uploads\/elementor\/thumbs\/f03-scaled-ou43idgukqmlhx84pskbas8do8atd2me090imyxtq0.jpg\" alt=\"f03\" \/><\/figure><\/div><div class=\"swiper-slide\"><figure class=\"swiper-slide-inner\"><img class=\"swiper-slide-image\" src=\"https:\/\/www.jumbos.com.pe\/wp-content\/uploads\/elementor\/thumbs\/f04-scaled-ou43ikzk3eww2sx7hvtbuqc2fb9r2ng8pa8eh6moc8.jpg\" alt=\"f04\" \/><\/figure><\/div><div class=\"swiper-slide\"><figure class=\"swiper-slide-inner\"><img class=\"swiper-slide-image\" src=\"https:\/\/www.jumbos.com.pe\/wp-content\/uploads\/elementor\/thumbs\/f05-scaled-ou43isi9m376noma9z2ceofr6e8os8a3ebgabebiyg.jpg\" alt=\"f05\" \/><\/figure><\/div><div class=\"swiper-slide\"><figure class=\"swiper-slide-inner\"><img class=\"swiper-slide-image\" src=\"https:\/\/www.jumbos.com.pe\/wp-content\/uploads\/elementor\/thumbs\/f06-scaled-ou43iy5ar3ewlce3d1i3tn0iqpgw2ewhf3d77235x4.jpg\" alt=\"f06\" \/><\/figure><\/div><div class=\"swiper-slide\"><figure class=\"swiper-slide-inner\"><img class=\"swiper-slide-image\" src=\"https:\/\/www.jumbos.com.pe\/wp-content\/uploads\/elementor\/thumbs\/f07-scaled-ou43j3sbw3mmj05wg3xv8llab0p3clivfva42pusvs.jpg\" alt=\"f07\" \/><\/figure><\/div><div class=\"swiper-slide\"><figure class=\"swiper-slide-inner\"><img class=\"swiper-slide-image\" src=\"https:\/\/www.jumbos.com.pe\/wp-content\/uploads\/elementor\/thumbs\/f08-scaled-ou43jbb1erwx3vuz876vsjoz23o126cq4whzwxjni0.jpg\" alt=\"f08\" \/><\/figure><\/div><div class=\"swiper-slide\"><figure class=\"swiper-slide-inner\"><img class=\"swiper-slide-image\" src=\"https:\/\/www.jumbos.com.pe\/wp-content\/uploads\/elementor\/thumbs\/f09-scaled-ou43jgy2js4n1jmsb9mn7i9qmew8ccz45oewslbago.jpg\" alt=\"f09\" \/><\/figure><\/div><div class=\"swiper-slide\"><figure class=\"swiper-slide-inner\"><img class=\"swiper-slide-image\" src=\"https:\/\/www.jumbos.com.pe\/wp-content\/uploads\/elementor\/thumbs\/f10-scaled-ou43jml3osccz7elec2emgui6q4fmjli6gbto92xfc.jpg\" alt=\"f10\" \/><\/figure><\/div><div class=\"swiper-slide\"><figure class=\"swiper-slide-inner\"><img class=\"swiper-slide-image\" src=\"https:\/\/www.jumbos.com.pe\/wp-content\/uploads\/elementor\/thumbs\/f11-scaled-ou43js84tsk2wv6ehei61ff9r1cmwq7w788qjwuke0.jpg\" alt=\"f11\" \/><\/figure><\/div><div class=\"swiper-slide\"><figure class=\"swiper-slide-inner\"><img class=\"swiper-slide-image\" src=\"https:\/\/www.jumbos.com.pe\/wp-content\/uploads\/elementor\/thumbs\/f12-scaled-ou43jxv5ysrsuiy7kgxxge01bcku6wua805nfkm7co.jpg\" alt=\"f12\" \/><\/figure><\/div><div class=\"swiper-slide\"><figure class=\"swiper-slide-inner\"><img class=\"swiper-slide-image\" src=\"https:\/\/www.jumbos.com.pe\/wp-content\/uploads\/elementor\/thumbs\/f13-scaled-ou43k3i73szis6q0njdovcksvnt1h3go8s2kb8dubc.jpg\" alt=\"f13\" \/><\/figure><\/div><div class=\"swiper-slide\"><figure class=\"swiper-slide-inner\"><img class=\"swiper-slide-image\" src=\"https:\/\/www.jumbos.com.pe\/wp-content\/uploads\/elementor\/thumbs\/f14-scaled-ou43k9588t78puhtqltgab5kfz18ra329jzh6w5ha0.jpg\" alt=\"f14\" \/><\/figure><\/div>\t\t\t<\/div>\n\t\t\t\t\t\t\t\t\t\t\t\t\t\t\t\t<\/div>\n\t\t\t\t<\/div>\n\t\t\t\t<\/div>\n\t\t\t\t\t\t<\/div>\n\t\t\t\t\t<\/div>\n\t\t<\/div>\n\t\t\t\t\t\t\t\t<\/div>\n\t\t\t\t\t<\/div>\n\t\t<\/section>\n\t\t\t\t\t\t\t\t\t<\/div>\n\t\t\t<\/div>\n\t\t\t\t\t<\/div>\n\t\t","protected":false},"excerpt":{"rendered":"<p>SERVICIOS ESPECIALIZADOS Diagnostico de Fallas Jumbos Frontoneros \/ Empernadores Preparamos e instruimos al personal t\u00e9cnico en mantenimiento de equipos de perforaci\u00f3n\u00a0 (Lectura de planes hidraulicos ), en campo\u00a0 Regulaci\u00f3n de sistemas de perforaci\u00f3n en Campo Diagnostico de fallas de equipos hidraulicos en campo Reparaci\u00f3n de Martillos Hidraulicos en Campo Reparaci\u00f3n de Martillos Hidraulicos COP1838, RR14 [&hellip;]<\/p>\n","protected":false},"author":1,"featured_media":0,"parent":0,"menu_order":0,"comment_status":"closed","ping_status":"closed","template":"","meta":[],"_links":{"self":[{"href":"https:\/\/jumbos.com.pe\/index.php\/wp-json\/wp\/v2\/pages\/141"}],"collection":[{"href":"https:\/\/jumbos.com.pe\/index.php\/wp-json\/wp\/v2\/pages"}],"about":[{"href":"https:\/\/jumbos.com.pe\/index.php\/wp-json\/wp\/v2\/types\/page"}],"author":[{"embeddable":true,"href":"https:\/\/jumbos.com.pe\/index.php\/wp-json\/wp\/v2\/users\/1"}],"replies":[{"embeddable":true,"href":"https:\/\/jumbos.com.pe\/index.php\/wp-json\/wp\/v2\/comments?post=141"}],"version-history":[{"count":22,"href":"https:\/\/jumbos.com.pe\/index.php\/wp-json\/wp\/v2\/pages\/141\/revisions"}],"predecessor-version":[{"id":544,"href":"https:\/\/jumbos.com.pe\/index.php\/wp-json\/wp\/v2\/pages\/141\/revisions\/544"}],"wp:attachment":[{"href":"https:\/\/jumbos.com.pe\/index.php\/wp-json\/wp\/v2\/media?parent=141"}],"curies":[{"name":"wp","href":"https:\/\/api.w.org\/{rel}","templated":true}]}}